{"id":28,"date":"2016-02-11T09:44:08","date_gmt":"2016-02-11T08:44:08","guid":{"rendered":"http:\/\/www.aufkleber-druck-profi.de\/?page_id=28"},"modified":"2017-02-23T14:42:56","modified_gmt":"2017-02-23T13:42:56","slug":"vertrieb","status":"publish","type":"page","link":"http:\/\/www.textilprint-profi.de\/?page_id=28","title":{"rendered":"Vertrieb"},"content":{"rendered":"<p>Die langwost.de Unternehmensgruppe agiert in 18 Divisionen die \u00fcber die<br \/>\n<a style=\"line-height: 1.5;\" title=\"Erfolgreiche Werbung von der Idee bis zur Produktion.\" href=\"http:\/\/www.idee-produktion.de\/\" target=\"_blank\">idee-produktion.de<\/a><span style=\"line-height: 1.5;\">\u00a0GmbH mit dem Sitz Garbsen bei Hannover gef\u00fchrt werden.<\/span><\/p>\n<div class=\"entry-content\">\n<p>Die Divisionen bieten sowohl f\u00fcr:<br \/>\n\u2013 gewerbliche Kunden<br \/>\nals auch speziell f\u00fcr<br \/>\n\u2013 Unternehmen aus dem Werbe- und Marketingbereich<br \/>\n1) die Anbahnung von Gesch\u00e4ftskontakten f\u00fcr Werbeleistungen<br \/>\n2) eine Netzwerkstruktur f\u00fcr die Pr\u00e4sentation aussergew\u00f6hnlicher Ideen und Produktionen<br \/>\n3) eine zentrale B\u00fcndelung f\u00fcr wirtschaftlichen Einkauf innerhalb des Netzwerkes<br \/>\nf\u00fcr Kunden, Netzwerkpartner und Agenturen an.<\/p>\n<p>Dazu geh\u00f6rt u.a. der Vertrieb von Werbeleistungen der eigenst\u00e4ndigen Gesch\u00e4ftspartner, die im\u00a0<a title=\"Das suche-profi.de Portal f\u00fcr Werbe- und Marketingleistungen.\" href=\"http:\/\/www.suche-profi.de\/\" target=\"_blank\">suche-profi.de\u00a0<\/a>Portal dargestellt werden und dort vielf\u00e4ltige Dienstleistungen aus den Fachbereichen \u00a0Kommunikation und Marketing anbieten,<br \/>\nals auch innerhalb der Netzwerkstruktur die Divisionen, die bundesweit eine ganzheitliche Organisation mit bereits bestehenden Unternehmensnetzwerkpartnern bilden.<\/p>\n<p>Wir bieten unterschiedliche passive und aktive Vertriebsmodelle an:<br \/>\na) f\u00fcr Ihre speziellen Leistungen die Sie inner- und ausserhalb des Netzwerkes anbieten m\u00f6chten<br \/>\nb) Strukturierter Online-Vertrieb von Beratungs-Dienstleistungen in unseren Fachbereichen<br \/>\nc) Divisionspartnerschaften die\u00a0Ihnen als Gesch\u00e4ftspartner Vorteile verschaffen wie folgt:<\/p>\n<p>Sie m\u00f6chten Franchise-Vertriebspartner f\u00fcr eine der Divisionen werden?<br \/>\n<a title=\"Jetzt Franchisevertriebspartner werden.\" href=\"http:\/\/www.langwost.de\/\" target=\"_blank\">Dann lesen Sie hier.<\/a><\/p>\n<p>Sie m\u00f6chten \u00a0Leistungen der Divisionen sporadisch an Ihre Kunden vermitteln?<br \/>\n<a title=\"Freier Vermittler von Divisions-Leistungen werden.\" href=\"http:\/\/www.langwost.de\/\" target=\"_blank\">Dann lesen Sie hier.<\/a><\/p>\n<p>Sie m\u00f6chten mit Ihrem Werbe- und Marketingunternehmen aktiver Netzwerkpartner werden?\u00a0<a title=\"Aktiver Divisions-Netzwerkpartner werden.\" href=\"http:\/\/www.langwost.de\/\" target=\"_blank\">Dann lesen Sie hier.<\/a><\/p>\n<p>Sie m\u00f6chten Ihre Marketingleistung innerhalb des Netzwerkes pr\u00e4sentieren und anbieten\/verkaufen?\u00a0<a title=\"Ihre Leistungen im suche-profi.de Netzwerk pr\u00e4sentieren.\" href=\"http:\/\/www.langwost.de\/\" target=\"_blank\">Dann lesen Sie hier.<\/a><\/p>\n<p>Sie m\u00f6chten sich selbst\u00e4ndig machen und freiberuflicher Kontakter werden?<br \/>\n<a title=\"So werden Sie erfolgreich als selbst\u00e4ndiger Kontakter.\" href=\"http:\/\/www.langwost.de\/\" target=\"_blank\">Dann lesen Sie hier.<\/a><\/p>\n<p>Sie m\u00f6chten als Endkunde extrem g\u00fcnstig innerhalb des Netzwerkes einkaufen?<br \/>\n<a title=\"Noch g\u00fcnstiger kaufen mit dem Umsatz-Staffel-Nachlass.\" href=\"http:\/\/www.langwost.de\/\" target=\"_blank\">Dann lesen Sie hier.<\/a><\/p>\n<p>Sie m\u00f6chten an unserem Rabatt-Programm shopy24.de mit machen?<br \/>\n<a title=\"Shopy24.de bietet Jahres-Umsatzrabatt-Staffeln.\" href=\"http:\/\/www.langwost.de\/\" target=\"_blank\">Dann lesen Sie hier.<\/a><\/p>\n<p>Die Divisionen der idee-produktion.de GmbH bietet vielf\u00e4ltige M\u00f6glichkeiten:<br \/>\n1) Ihren Einkauf zu optimieren, denn Sie kaufen direkt und g\u00fcnstig beim Produktioner<br \/>\n2) v\u00f6llig neue Vertriebswege f\u00fcr neuartige Dienstleistungen rund um dem<br \/>\nBereich Werben, Verkaufen und Promoten.<br \/>\n3) Zentralen Einkauf f\u00fcr Werbeleistungen und f\u00fcr Verbrauchsmaterial der Werbewirtschaft<br \/>\n4) Geb\u00fcndelte Informationen und kompetente Beratungsleistung von den\u00a0<a title=\"Das suche-profi.de Portal hat Werbeprofis in Ihrer N\u00e4he!\" href=\"http:\/\/www.suche-profi.de\/\" target=\"_blank\">suche-profi.de<\/a>\u00a0Partnern.<br \/>\n5) Sie sparen Zeit, denn Regional sind wir in Ihrer N\u00e4he, online sind wir \u00fcberall!<\/p>\n<p>Sie k\u00f6nnen Direktvertriebler werden.<br \/>\nSie k\u00f6nnen nebenruflich freier Supporter werden.<br \/>\nSie k\u00f6nnen g\u00fcnstig f\u00fcr Ihr Unternehmen einkaufen.<br \/>\nSie k\u00f6nnen von fertigen und erfolgreichen Gesch\u00e4ftsideen profitieren.<br \/>\nSie k\u00f6nnen sich v\u00f6llig umsonst neue Ideen innerhalb unserer Divsionen holen.<br \/>\nSie k\u00f6nnen innerhalb des Netzwerkes aktiv mitmachen.<br \/>\nSie k\u00f6nnen sich zus\u00e4tzlich im suche-profi.de Portal pefekt pr\u00e4sentieren.<br \/>\nSie haben keine Nachteile \u2013 nur Vorteile!<\/p>\n<p>&nbsp;<\/p>\n<h2>Sie k\u00f6nnen auch shopy24.de Vertriebspartner werden,<br \/>\ndas geht wie folgt:<\/h2>\n<div id=\"cc-m-7424812984\">\n<address>Innovativ \u2013 Leistungsf\u00e4hig \u2013 Wirtschaftlich \u2013 Professionell!<\/address>\n<\/div>\n<div id=\"cc-m-7424815484\">\n<p>Das sind die Attribute f\u00fcr shopy24.de, dem Werbeshop, der \u00fcber alle konventionellen und unkonventionellen Werbeleistungen einen ersten Preis\u00fcberblick gibt und wo komplette Leistungen\u00a0schnell und unkompliziert kombiniert, gebucht und bestellt werden k\u00f6nnen.<br \/>\nDazu geh\u00f6rt auch ein professioneller Vertrieb, aus motivierten und erfahrenen Profis, die hautnah beim Kunden vor Ort an der Front sind, und verkn\u00fcpft in unserem Netzwerk den Kunden beraten und ihm so zu funktionierenden und wirtschaftlich interessanten L\u00f6sungen verhelfen.<\/p>\n<p>Nur das Beste f\u00fcr den shopy24.de Kunden!<\/p>\n<p>Schon jetzt k\u00f6nnen Leistungen bei shopy24.de abgerufen werden. Wir bauen den WerbeShop stetig weiter aus und werden ab 2014 das Vertriebsteam aufbauen, um\u00a0in ganz Deutschland nicht nur online pr\u00e4sent, sondern auch live beim Kunden vor Ort zu sein.<br \/>\nBewerben Sie sich jetzt\u00a0mit Ihren speziellen Qualifikationen als Agentur, Unternehmen oder als freier Kontakter:<br \/>\n-als Aussendienst, Kundenberater, Supporter und Betreuer, f\u00fcr Akquise, f\u00fcr Beratung, als Vertriebler und\u00a0als Netzwerker und sichern Sie sich jetzt Ihr Vertriebsgebiet f\u00fcr die\u00a0Divsionen.<\/p>\n<p>Wir befinden uns\u00a0in der Aufbauphase und k\u00f6nnen Ihnen schon jetzt diese einmalige Chance bieten, das Sie sich Ihr regionales Betreuungsgebiet aufbauen und sich Ihre erg\u00e4nzende Live-Vertriebsstruktur schaffen.<br \/>\nDie Bewerbung kostet nichts, da wir jeden Kennenlernen wollen der engagiert und willig ist, in einem professionellen Team seinen unerm\u00fcdlichen Einsatz einbringen m\u00f6chte.<\/p>\n<\/div>\n<div id=\"cc-m-7424827684\">\n<p>Wenn Sie also Innovativ \u2013 Leistungsf\u00e4hig \u2013 Wirtschaftlich \u2013 Professionell! sind,<br \/>\ndann sind Sie bei uns genau richtig!<br \/>\nWir suchen:<br \/>\n\u2013 Cerativ-K\u00f6pfe im Vertrieb<br \/>\n\u2013 K\u00e4mpfer mit unerm\u00fcdlicher Nahkampferfahrung bei der Beratung<br \/>\n\u2013 Trainer- und Koordinatoren<br \/>\n\u2013 Teamleader und networker-<br \/>\n\u2013 online- und frontlineWorkaholics<br \/>\n\u2013 willenstarke Seiteneinsteiger<br \/>\n\u2013 erfahrene Althasen sind gern gesehen<br \/>\n\u2013 konstruktive Mitdenker und<br \/>\n\u2013 superschlaue Besserwisser, die es beweisen!<br \/>\n\u2013 Verkaufsprofis die den Shopy24.de Kunden betreuen!<br \/>\n\u2013 Promotoren, die wirkungsvoll am Struktuaufbau mitwirken!<\/p>\n<p>Bei uns bekommen all diejenigen ein Chance die zupacken, zuh\u00f6ren, verstehen,<br \/>\nmitdenken, mitmachen und sich selbst und st\u00e4ndig eine Karriere aufbauen wollen.<\/p>\n<p>Wir bieten eine Abrechnung mit Provisionsystem, denn Sie wissen:<br \/>\nUnsere Kunden zahlen nach Leistung! \u00a0\u2013 sie\u00a0suchen den besten Preis und die beste L\u00f6sung, und wir bieten mit shopy24.de eine gut gemischte Kombination\u00a0von beiden und lassen Sie \u00a0als Vertriebler an unserem Erfolg teilhaben.<br \/>\nNeugierig geworden? \u00a0 \u00a0Zurecht!!!<br \/>\nDenn wir bieten ein sehr gutes Konzept und eine interessante ProduktRange!<br \/>\nWir suchen die Besten f\u00fcr den Vertrieb \u2013 f\u00fcr unsere Liebsten \u2013 dem shopy24 Kunden!<\/p>\n<\/div>\n<\/div>\n<p>&nbsp;<\/p>\n<p>&nbsp;<\/p>\n","protected":false},"excerpt":{"rendered":"<p>Die langwost.de Unternehmensgruppe agiert in 18 Divisionen die \u00fcber die idee-produktion.de\u00a0GmbH mit dem Sitz Garbsen bei Hannover gef\u00fchrt werden. Die<\/p>\n","protected":false},"author":1,"featured_media":0,"parent":0,"menu_order":0,"comment_status":"closed","ping_status":"closed","template":"","meta":{"footnotes":""},"_links":{"self":[{"href":"http:\/\/www.textilprint-profi.de\/index.php?rest_route=\/wp\/v2\/pages\/28"}],"collection":[{"href":"http:\/\/www.textilprint-profi.de\/index.php?rest_route=\/wp\/v2\/pages"}],"about":[{"href":"http:\/\/www.textilprint-profi.de\/index.php?rest_route=\/wp\/v2\/types\/page"}],"author":[{"embeddable":true,"href":"http:\/\/www.textilprint-profi.de\/index.php?rest_route=\/wp\/v2\/users\/1"}],"replies":[{"embeddable":true,"href":"http:\/\/www.textilprint-profi.de\/index.php?rest_route=%2Fwp%2Fv2%2Fcomments&post=28"}],"version-history":[{"count":1,"href":"http:\/\/www.textilprint-profi.de\/index.php?rest_route=\/wp\/v2\/pages\/28\/revisions"}],"predecessor-version":[{"id":29,"href":"http:\/\/www.textilprint-profi.de\/index.php?rest_route=\/wp\/v2\/pages\/28\/revisions\/29"}],"wp:attachment":[{"href":"http:\/\/www.textilprint-profi.de\/index.php?rest_route=%2Fwp%2Fv2%2Fmedia&parent=28"}],"curies":[{"name":"wp","href":"https:\/\/api.w.org\/{rel}","templated":true}]}}